{"id":50,"date":"2021-03-24T13:32:11","date_gmt":"2021-03-24T16:32:11","guid":{"rendered":"http:\/\/jdscoimbra.com.br\/?page_id=50"},"modified":"2021-07-08T13:27:01","modified_gmt":"2021-07-08T16:27:01","slug":"contato","status":"publish","type":"page","link":"http:\/\/jdscoimbra.com.br\/?page_id=50","title":{"rendered":"Contato"},"content":{"rendered":"\n<div class=\"wp-block-image\"><figure class=\"aligncenter is-resized\"><img loading=\"lazy\" decoding=\"async\" src=\"https:\/\/logodownload.org\/wp-content\/uploads\/2015\/04\/whatsapp-logo-4.png\" alt=\"Whatsapp Logo - PNG e Vetor - Download de Logo\" width=\"111\" height=\"111\"\/><figcaption>91-99230-0011<\/figcaption><\/figure><\/div>\n\n\n\n<div class=\"wp-block-jetpack-send-a-message\">\n<div class=\"wp-block-jetpack-whatsapp-button aligncenter is-color-dark\"><a class=\"whatsapp-block__button\" href=\"https:\/\/api.whatsapp.com\/send?phone=5591992300011&amp;text=Oi%2C%20encontrei%20suas%20informa%C3%A7%C3%B5es%20do%20WhatsApp%20no%20seu%20site.\" style=\"background-color:#25D366;color:#fff\" target=\"_self\" rel=\"noopener noreferrer\">Conversar no WhatsApp<\/a><\/div>\n<\/div>\n\n\n\n<div class=\"wp-block-image\"><figure class=\"aligncenter is-resized\"><img loading=\"lazy\" decoding=\"async\" src=\"https:\/\/image.flaticon.com\/icons\/png\/512\/46\/46951.png\" alt=\"Novo s\u00edmbolo de interface de e-mail de envelope preto fechado - \u00edcones de  interface gr\u00e1tis\" width=\"116\" height=\"116\"\/><\/figure><\/div>\n\n\n\n<p class=\"has-text-align-center\"><strong>Email<\/strong><\/p>\n\n\n\n<p class=\"has-text-align-center\"><strong>Ger\u00eancia<\/strong><\/p>\n\n\n\n<p class=\"has-text-align-center\">gerencia@jdscoimbra.com.br<\/p>\n\n\n\n<p class=\"has-text-align-center\"><strong>TI<\/strong><\/p>\n\n\n\n<p class=\"has-text-align-center\">suptecnologia@jdscoimbra.combr<\/p>\n\n\n\n<p class=\"has-text-align-center\"><strong>Administrativo<\/strong><\/p>\n\n\n\n<p class=\"has-text-align-center\">contasapagar@jdscoimbra.com.br<\/p>\n\n\n\n<p class=\"has-text-align-center\">contasareceber@jdscoimbra.com.br<\/p>\n\n\n\n<p class=\"has-text-align-center\"><strong>Obras<\/strong><\/p>\n\n\n\n<p class=\"has-text-align-center\">fiscalobra@jdscoimbra.com.br<\/p>\n\n\n\n<p class=\"has-text-align-center\"><strong>Portaria Social<\/strong><\/p>\n\n\n\n<p class=\"has-text-align-center\">portariasocial@jdscoimbra.com.br<\/p>\n\n\n\n<p class=\"has-text-align-center\"><strong>Manuten\u00e7\u00e3o<\/strong><\/p>\n\n\n\n<p class=\"has-text-align-center\">manutencao@jdscoimbra.com.br<\/p>\n\n\n\n<p class=\"has-text-align-center\"><strong>Arquitetura<\/strong><\/p>\n\n\n\n<p class=\"has-text-align-center\">arquitetura@jdscoimbra.com.br<\/p>\n\n\n\n<div class=\"wp-block-image\"><figure class=\"aligncenter size-large is-resized\"><img loading=\"lazy\" decoding=\"async\" src=\"http:\/\/jdscoimbra.com.br\/wp-content\/uploads\/2021\/03\/image-1024x662.png\" alt=\"\" class=\"wp-image-117\" width=\"393\" height=\"254\" srcset=\"http:\/\/jdscoimbra.com.br\/wp-content\/uploads\/2021\/03\/image-1024x662.png 1024w, http:\/\/jdscoimbra.com.br\/wp-content\/uploads\/2021\/03\/image-300x194.png 300w, http:\/\/jdscoimbra.com.br\/wp-content\/uploads\/2021\/03\/image-768x496.png 768w, http:\/\/jdscoimbra.com.br\/wp-content\/uploads\/2021\/03\/image.png 1154w\" sizes=\"(max-width: 393px) 100vw, 393px\" \/><figcaption>       Reserva Jardins &#8211; Condom\u00ednio Jardins Coimbra<\/figcaption><\/figure><\/div>\n\n\n\n<p><\/p>\n\n\n\n<p class=\"has-text-align-center\">Avenida Atheon Coelho de Santana, 5 &#8211; Bela Vista, Marituba &#8211; PA, 67200-900<\/p>\n\n\n\n<p class=\"has-text-align-center\"><strong><em>Nossos Hor\u00e1rios de Funcionamento<\/em><\/strong><\/p>\n\n\n\n<div class=\"wp-block-group is-layout-flow wp-block-group-is-layout-flow\"><div class=\"wp-block-group__inner-container\"><\/div><\/div>\n\n\n\n<p class=\"has-text-align-center\"><strong><em>Segunda a Sexta<\/em> 08:00 as 17:00hs<\/strong><\/p>\n\n\n\n<p class=\"has-text-align-center\"><strong><em>S\u00e1bado at\u00e9 as<\/em><\/strong><em><strong> 12:00 hs<\/strong><\/em><\/p>\n\n\n\n<p class=\"has-text-align-center\"><\/p>\n\n\n\n<div class=\"wp-block-jetpack-send-a-message\"><\/div>\n\n\n\n<p><\/p>\n","protected":false},"excerpt":{"rendered":"<p>Email Ger\u00eancia gerencia@jdscoimbra.com.br TI suptecnologia@jdscoimbra.combr Administrativo contasapagar@jdscoimbra.com.br contasareceber@jdscoimbra.com.br Obras fiscalobra@jdscoimbra.com.br Portaria Social portariasocial@jdscoimbra.com.br Manuten\u00e7\u00e3o manutencao@jdscoimbra.com.br Arquitetura arquitetura@jdscoimbra.com.br Avenida Atheon Coelho de Santana, 5 &#8211; Bela Vista, Marituba &#8211; PA, 67200-900 Nossos Hor\u00e1rios de Funcionamento Segunda a Sexta 08:00 as 17:00hs S\u00e1bado at\u00e9 as 12:00 hs<\/p>\n","protected":false},"author":2,"featured_media":0,"parent":0,"menu_order":0,"comment_status":"closed","ping_status":"closed","template":"","meta":{"spay_email":"","footnotes":""},"_links":{"self":[{"href":"http:\/\/jdscoimbra.com.br\/index.php?rest_route=\/wp\/v2\/pages\/50"}],"collection":[{"href":"http:\/\/jdscoimbra.com.br\/index.php?rest_route=\/wp\/v2\/pages"}],"about":[{"href":"http:\/\/jdscoimbra.com.br\/index.php?rest_route=\/wp\/v2\/types\/page"}],"author":[{"embeddable":true,"href":"http:\/\/jdscoimbra.com.br\/index.php?rest_route=\/wp\/v2\/users\/2"}],"replies":[{"embeddable":true,"href":"http:\/\/jdscoimbra.com.br\/index.php?rest_route=%2Fwp%2Fv2%2Fcomments&post=50"}],"version-history":[{"count":16,"href":"http:\/\/jdscoimbra.com.br\/index.php?rest_route=\/wp\/v2\/pages\/50\/revisions"}],"predecessor-version":[{"id":236,"href":"http:\/\/jdscoimbra.com.br\/index.php?rest_route=\/wp\/v2\/pages\/50\/revisions\/236"}],"wp:attachment":[{"href":"http:\/\/jdscoimbra.com.br\/index.php?rest_route=%2Fwp%2Fv2%2Fmedia&parent=50"}],"curies":[{"name":"wp","href":"https:\/\/api.w.org\/{rel}","templated":true}]}}