{"id":237,"date":"2021-07-08T15:05:45","date_gmt":"2021-07-08T18:05:45","guid":{"rendered":"http:\/\/jdscoimbra.com.br\/?page_id=237"},"modified":"2021-07-14T14:16:30","modified_gmt":"2021-07-14T17:16:30","slug":"informativos","status":"publish","type":"page","link":"http:\/\/jdscoimbra.com.br\/?page_id=237","title":{"rendered":"Informativos"},"content":{"rendered":"\n<p class=\"has-text-align-center\"><strong><em>Fique atentos aos Informes do dia 14\/07\/2021<\/em><\/strong><\/p>\n\n\n\n<div class=\"wp-block-file aligncenter\"><a href=\"http:\/\/jdscoimbra.com.br\/wp-content\/uploads\/2021\/07\/ATA-DA-ASSEMBLEIA-GERAL-ORDINARIA-AGO-2021.pdf\"><strong><em>ATAS DAS ASSEMBLEIAS <\/em><\/strong>2021<br>ATA DA ASSEMBL\u00c9IA GERAL ORDIN\u00c1RIA &#8211; AGO 2021<\/a><a href=\"http:\/\/jdscoimbra.com.br\/wp-content\/uploads\/2021\/07\/ATA-DA-ASSEMBLEIA-GERAL-ORDINARIA-AGO-2021.pdf\" class=\"wp-block-file__button\" download>Baixar<\/a><\/div>\n\n\n\n<div class=\"wp-block-file aligncenter\"><a href=\"http:\/\/jdscoimbra.com.br\/wp-content\/uploads\/2021\/07\/ATA-GERAL-DA-ASSEMBLEIA-EXTRAORDINARIA-AGE-2021-2.pdf\">ATA GERAL DA ASSEMBL\u00c9IA EXTRAORDIN\u00c1RIA -AGE 2021 <\/a><a href=\"http:\/\/jdscoimbra.com.br\/wp-content\/uploads\/2021\/07\/ATA-GERAL-DA-ASSEMBLEIA-EXTRAORDINARIA-AGE-2021-2.pdf\" class=\"wp-block-file__button\" download>Baixar<\/a><\/div>\n\n\n\n<p><\/p>\n\n\n\n<p><\/p>\n\n\n\n<p><\/p>\n\n\n\n<p class=\"has-text-align-center\"><strong><em>Fique atentos aos Informes do dia 08\/07\/2021<\/em><\/strong><\/p>\n\n\n\n<div class=\"wp-block-file aligncenter\"><a href=\"http:\/\/jdscoimbra.com.br\/wp-content\/uploads\/2021\/07\/COMUNICADO-SITE-e-Condosocio.pdf\"><strong><em>CondoS\u00f3cio <\/em><\/strong><br>COMUNICADO-SITE-e-Condosocio<\/a><a href=\"http:\/\/jdscoimbra.com.br\/wp-content\/uploads\/2021\/07\/COMUNICADO-SITE-e-Condosocio.pdf\" class=\"wp-block-file__button\" download>Baixar<\/a><\/div>\n\n\n\n<div class=\"wp-block-file aligncenter\"><a href=\"http:\/\/jdscoimbra.com.br\/wp-content\/uploads\/2021\/07\/COMUNICADO-IPTU-2021-COTA-UNICA.pdf\">COMUNICADO-IPTU-2021-COTA-UNICA<\/a><a href=\"http:\/\/jdscoimbra.com.br\/wp-content\/uploads\/2021\/07\/COMUNICADO-IPTU-2021-COTA-UNICA.pdf\" class=\"wp-block-file__button\" download>Baixar<\/a><\/div>\n\n\n\n<p class=\"has-text-align-center\"><strong><em>Click  no Bot\u00e3o  para Download do <strong><em>CondoS\u00f3cio<\/em><\/strong><\/em><\/strong><\/p>\n\n\n\n<p class=\"has-text-align-center\"><\/p>\n\n\n\n<div class=\"wp-block-buttons is-content-justification-center is-layout-flex wp-block-buttons-is-layout-flex\">\n<div class=\"wp-block-button is-style-fill\"><a class=\"wp-block-button__link\" href=\"http:\/\/onelink.to\/js8j4r\">Click Aqui CondoS\u00f3cio <\/a><\/div>\n<\/div>\n\n\n\n<p class=\"has-text-align-center\"><strong><em>Escanei o C\u00f3digo e ser\u00e1 redirecionado ao App<\/em><\/strong><\/p>\n\n\n\n<div class=\"wp-block-image\"><figure class=\"aligncenter size-medium\"><img loading=\"lazy\" decoding=\"async\" width=\"300\" height=\"300\" src=\"http:\/\/jdscoimbra.com.br\/wp-content\/uploads\/2021\/07\/WhatsApp-Image-2021-07-08-at-15.19.00-300x300.jpeg\" alt=\"\" class=\"wp-image-247\" srcset=\"http:\/\/jdscoimbra.com.br\/wp-content\/uploads\/2021\/07\/WhatsApp-Image-2021-07-08-at-15.19.00-300x300.jpeg 300w, http:\/\/jdscoimbra.com.br\/wp-content\/uploads\/2021\/07\/WhatsApp-Image-2021-07-08-at-15.19.00-150x150.jpeg 150w, http:\/\/jdscoimbra.com.br\/wp-content\/uploads\/2021\/07\/WhatsApp-Image-2021-07-08-at-15.19.00-768x768.jpeg 768w, http:\/\/jdscoimbra.com.br\/wp-content\/uploads\/2021\/07\/WhatsApp-Image-2021-07-08-at-15.19.00.jpeg 1024w\" sizes=\"(max-width: 300px) 100vw, 300px\" \/><\/figure><\/div>\n\n\n\n<p><\/p>\n","protected":false},"excerpt":{"rendered":"<p>Fique atentos aos Informes do dia 14\/07\/2021 Fique atentos aos Informes do dia 08\/07\/2021 Click no Bot\u00e3o para Download do CondoS\u00f3cio Escanei o C\u00f3digo e ser\u00e1 redirecionado ao App<\/p>\n","protected":false},"author":2,"featured_media":0,"parent":0,"menu_order":0,"comment_status":"closed","ping_status":"closed","template":"","meta":{"spay_email":"","footnotes":""},"_links":{"self":[{"href":"http:\/\/jdscoimbra.com.br\/index.php?rest_route=\/wp\/v2\/pages\/237"}],"collection":[{"href":"http:\/\/jdscoimbra.com.br\/index.php?rest_route=\/wp\/v2\/pages"}],"about":[{"href":"http:\/\/jdscoimbra.com.br\/index.php?rest_route=\/wp\/v2\/types\/page"}],"author":[{"embeddable":true,"href":"http:\/\/jdscoimbra.com.br\/index.php?rest_route=\/wp\/v2\/users\/2"}],"replies":[{"embeddable":true,"href":"http:\/\/jdscoimbra.com.br\/index.php?rest_route=%2Fwp%2Fv2%2Fcomments&post=237"}],"version-history":[{"count":10,"href":"http:\/\/jdscoimbra.com.br\/index.php?rest_route=\/wp\/v2\/pages\/237\/revisions"}],"predecessor-version":[{"id":266,"href":"http:\/\/jdscoimbra.com.br\/index.php?rest_route=\/wp\/v2\/pages\/237\/revisions\/266"}],"wp:attachment":[{"href":"http:\/\/jdscoimbra.com.br\/index.php?rest_route=%2Fwp%2Fv2%2Fmedia&parent=237"}],"curies":[{"name":"wp","href":"https:\/\/api.w.org\/{rel}","templated":true}]}}